{"id":101,"date":"2018-02-19T17:00:40","date_gmt":"2018-02-19T16:00:40","guid":{"rendered":"https:\/\/uiltucs.it\/rossetto\/?page_id=101"},"modified":"2018-02-19T17:00:40","modified_gmt":"2018-02-19T16:00:40","slug":"informativa-sui-cookies","status":"publish","type":"page","link":"https:\/\/uiltucs.it\/rossetto\/informativa-sui-cookies\/","title":{"rendered":"Informativa sui cookies"},"content":{"rendered":"<p>Il \u201ccookie\u201d \u00e8 un file di testo che pu\u00f2 essere conservato in uno spazio dedicato sul disco rigido del dispositivo utilizzato dall\u2019utente (ad es. computer, tablet, smartphone, etc.) nel momento in cui l\u2019utente visita il sito attraverso il browser scelto, e pu\u00f2 essere soggetto al consenso dell\u2019utente, a meno che non si tratti di cookies tecnici. Il cookie permette di identificare il dispositivo in cui \u00e8 conservato il cookie stesso per tutto il periodo di validit\u00e0 o registrazione del cookie.<br \/>\nI cookie possono essere utilizzati per rendere l\u2019uso del Sito pi\u00f9 semplice e per meglio adattarlo ai vostri interessi e bisogni. I cookie possono anche venire usati per aiutare a velocizzare le vostre future esperienze ed attivit\u00e0 sul nostro Sito, al fine di consentirvi un accesso ricco e personalizzato a servizi essenziali, oltre che per fornirne altri che potrebbero migliorare la vostra visita. Inoltre usiamo i cookie per compilare statistiche anonime aggregate che ci consentono di capire come le persone usano i nostri Siti e per aiutarci a migliorare la struttura ed i contenuti di questi Siti. Confidiamo nel fatto che questo massimizzi la fiducia degli utenti nei nostri servizi.<br \/>\nTuttavia, \u00e8 possibile modificare in ogni momento le impostazioni relative ai cookies. Di seguito sono fornite maggiori informazioni circa i cookies e sulle modalit\u00e0 di gestione delle relative impostazioni.<\/p>\n<p>CHE TIPI DI COOKIE UTILIZZIAMO?<br \/>\nCookie tecnici Questi cookie sono essenziali per il corretto funzionamento del sito, consentono alle persone di navigare sui nostri siti internet e di sfruttarne le caratteristiche. Esempi includono la memorizzazione di azioni precedenti (testi inseriti) quando si ritorna ad una pagina nel corso della medesima sessione. Questi cookie non vi identificano come individui. Se non si accettano questi cookie, la resa del sito internet, o sezioni dello stesso, potrebbero risultare impattate.<\/p>\n<p>Cookie Analytics<br \/>\nI cookie in questa categoria vengono utilizzati per registrare informazioni sull\u2019uso del sito. Useremo queste informazioni in merito ad analisi statistiche aggregate al fine di migliorare l\u2019utilizzo del sto e per rendere i contenuti pi\u00f9 interessanti e attinenti ai desideri dell\u2019utenza. Questa tipologia di cookie raccoglie dati in forma anonima sull\u2019attivit\u00e0 dell\u2019utenza e su come \u00e8 arrivata sul Sito. I cookie analitici sono inviati dal sito stesso o da domini di terze parti. (vedi \u201cCookie di terze parti\u201d).<\/p>\n<p>Cookie di funzionalit\u00e0<br \/>\nQuesti cookie permettono ai nostri siti internet di ricordare le scelte che fate (per esempio, il vostro nome utente, la lingua prescelta o la regione in cui vi trovate) per fornirvi un\u2019esperienza online pi\u00f9 personalizzata. Le informazioni che vengono raccolte da questi cookie possono includere informazioni personali identificabili che avete fornito, per esempio il vostro nome. Saremo sempre trasparenti nei vostri confronti in merito a quali informazioni raccogliamo, l\u2019uso che ne facciamo e con chi le condividiamo.<br \/>\nSi precisa che soltanto per i cookies tecnici non \u00e8 necessario acquisire il consenso dell\u2019utente.<br \/>\nNel sito web www.uiltucs.it\/rossetto viene utilizzato un CUSTOM CMS COOKIE PRIMARIO che scade automaticamente atto a garantire la corretta funzionalit\u00e0 del sito. \u00c8 possibile modificare le impostazioni del browser per accettare o rifiutare questo tipo di cookie. (vedi \u201cCome esercitare le scelte nel browser\u201d)<\/p>\n<p>Cookie di terze parti<br \/>\nFacciamo uso di fornitori (Google Analytics) che possono altres\u00ec impostare cookie sul vostro dispositivo per nostro conto quando visitate i nostri Siti, al fine di consentirgli di erogare i servizi che stanno fornendo. Anche gli eventuali collegamenti a terzi o le pubblicit\u00e0 presenti sul nostro sito possono utilizzare i cookie, cliccando sul collegamento al sito di una terza parte o su una pubblicit\u00e0 l\u2019utente potr\u00e0 ricevere questi cookie. Non possiamo controllare la raccolta o l\u2019uso delle informazioni da parte di questi terzi, i cui cookie non sono soggetti alla presente Informativa sulla Privacy. Tuttavia potete negare il consenso alla loro installazione collegandovi al seguente link del sito terzo:<br \/>\nhttps:\/\/tools.google.com\/dlpage\/gaoptout?hl=it-IT<\/p>\n<p>Come posso controllare o cancellare i cookies?<br \/>\nPuoi rifiutare qualsiasi tipo di cookies e potrai navigare ugualmente nel nostro sito. Devi sapere che la prosecuzione della navigazione mediante accesso ad altra area del sito o selezione di un elemento dello stesso (ad esempio, di un\u2019immagine o di un link) comporta la prestazione del consenso all\u2019uso dei cookie.<\/p>\n<p>La maggioranza dei browser internet sono inizialmente impostati per accettare i cookie in modo automatico. Potete modificare queste impostazioni per bloccare i cookie o per avvertirvi che dei cookie vengono mandati al vostro dispositivo. Esistono svariati modi per gestire i cookie. Vi preghiamo di fare riferimento al manuale d\u2019istruzioni o alla schermata di aiuto del vostro browser per scoprire come regolare o modificare le impostazioni del vostro browser. Se disabilitate i cookie di cui facciamo uso, ci\u00f2 potrebbe influenzare la vostra esperienza mentre vi trovate sul nostro Sito, per esempio potreste non essere in grado di visitare certe sezioni o potreste non ricevere informazioni personalizzate quando visitate il sito. Se usate dispositivi diversi tra loro per visualizzare e accedere ai Siti Internet (per esempio, computer, smartphone, tablet, ecc.), dovrete assicurarvi che ciascun browser su ciascun dispositivo sia regolato per riflettere le vostre preferenze relative ai cookie.<\/p>\n<p>Scelte disponibili attraverso il browser<br \/>\nE\u2019 possibile configurare il browser per consentire la memorizzazione di cookies sul proprio dispositivo, per rifiutarli automaticamente o per rifiutarne alcuni. E\u2019 possibile, inoltre, configurare il browser in modo tale da visualizzare la richiesta di accettazione o rifiuto dei cookies prima che il cookie sia installato. Per maggiori informazioni, si veda la sezione sub c) \u201cCome esercitare le scelte nel browser\u201d.<\/p>\n<p>(a) Accettazione dei cookies<br \/>\nL\u2019utente pu\u00f2 decidere se accettare o meno l\u2019installazione di cookies sul proprio dispositivo. L\u2019utente \u00e8 libero di fare la sua scelta e di modificarla in ogni momento attraverso le impostazioni del browser utilizzato sul dispositivo. Se il browser viene impostato nel senso di accettare l\u2019installazione di cookies sul dispositivo dell\u2019utente, i cookies utilizzati dalle pagine web visitate saranno memorizzati temporaneamente in uno spazio dedicato del dispositivo dell\u2019utente. Essi saranno leggibili solo da chi installa il cookie.<\/p>\n<p>(b) Rifiuto dei cookies<br \/>\nNel caso in cui l\u2019utente scelga di rifiutare l\u2019installazione di cookies sul proprio dispositivo, o in caso di rimozione di cookies gi\u00e0 memorizzati, non sar\u00e0 possibile utilizzare delle funzionalit\u00e0 necessarie per navigare all\u2019interno di alcune sezioni del Sito. E\u2019 il caso, ad esempio, di alcuni contenuti o servizi che richiedono di effettuare il log-in per l\u2019accesso. Inoltre, in relazione alla compatibilit\u00e0 tecnica, potrebbe risultare impossibile riconoscere il tipo di browser utilizzato dall\u2019utente sul proprio dispositivo, la lingua di default o il paese da cui il terminale \u00e8 connesso. Se il browser \u00e8 impostato per rifiutare l\u2019installazione di cookies sul dispositivo, non assumiamo alcuna responsabilit\u00e0 in merito alla ridotta funzionalit\u00e0 dei servizi derivante dalla mancata autorizzazione alla conservazione e alla visualizzazione delle informazioni necessarie per il pieno funzionamento del Sito e dei servizi.<\/p>\n<p>(c) Come esercitare le scelte nel browser<br \/>\nOgni browser offre diverse modalit\u00e0 di gestione dei cookies e delle relative impostazioni. La configurazione del browser \u00e8 descritta nel menu \u201cAiuto\u201d (Help) della barra degli strumenti situata nella maggior parte dei browser, ove sono fornite informazioni circa le modalit\u00e0 con cui modificare le impostazioni relative ai cookies.<br \/>\nPer Internet Explorer&#x2122;: http:\/\/windows.microsoft.com\/it-IT\/windows-vista\/Block-or-allow-cookies,<br \/>\nPer Safari&#x2122;: http:\/\/docs.info.apple.com\/article.html?path=Safari\/3.0\/it\/9277.html,<br \/>\nPer Chrome&#x2122;: http:\/\/support.google.com\/chrome\/bin\/answer.py?hl=it&amp;hlrm=en&amp;answer=95647,<br \/>\nPer Firefox&#x2122;: https:\/\/support.mozilla.org\/it\/kb\/Attivare%20e%20disattivare%20i%20cookie,<br \/>\nPer Opera&#x2122;: http:\/\/help.opera.com\/Windows\/10.20\/it\/cookies.html.<\/p>\n","protected":false},"excerpt":{"rendered":"<p>Il \u201ccookie\u201d \u00e8 un file di testo che pu\u00f2 essere conservato in uno spazio dedicato sul disco rigido del dispositivo utilizzato dall\u2019utente (ad es. computer, tablet, smartphone, etc.) nel momento in cui l\u2019utente visita il sito attraverso il browser scelto, e pu\u00f2 essere soggetto al consenso dell\u2019utente, a meno che non si tratti di cookies&hellip;<\/p>\n","protected":false},"author":1,"featured_media":0,"parent":0,"menu_order":0,"comment_status":"closed","ping_status":"closed","template":"","meta":{"_mi_skip_tracking":false,"footnotes":""},"class_list":["post-101","page","type-page","status-publish","hentry"],"_links":{"self":[{"href":"https:\/\/uiltucs.it\/rossetto\/wp-json\/wp\/v2\/pages\/101","targetHints":{"allow":["GET"]}}],"collection":[{"href":"https:\/\/uiltucs.it\/rossetto\/wp-json\/wp\/v2\/pages"}],"about":[{"href":"https:\/\/uiltucs.it\/rossetto\/wp-json\/wp\/v2\/types\/page"}],"author":[{"embeddable":true,"href":"https:\/\/uiltucs.it\/rossetto\/wp-json\/wp\/v2\/users\/1"}],"replies":[{"embeddable":true,"href":"https:\/\/uiltucs.it\/rossetto\/wp-json\/wp\/v2\/comments?post=101"}],"version-history":[{"count":1,"href":"https:\/\/uiltucs.it\/rossetto\/wp-json\/wp\/v2\/pages\/101\/revisions"}],"predecessor-version":[{"id":102,"href":"https:\/\/uiltucs.it\/rossetto\/wp-json\/wp\/v2\/pages\/101\/revisions\/102"}],"wp:attachment":[{"href":"https:\/\/uiltucs.it\/rossetto\/wp-json\/wp\/v2\/media?parent=101"}],"curies":[{"name":"wp","href":"https:\/\/api.w.org\/{rel}","templated":true}]}}