{"id":152,"date":"2018-03-02T10:22:44","date_gmt":"2018-03-02T09:22:44","guid":{"rendered":"https:\/\/uiltucs.it\/rossetto\/?page_id=152"},"modified":"2018-03-30T11:49:52","modified_gmt":"2018-03-30T10:49:52","slug":"un-blog-per-i-dipendenti-rossetto","status":"publish","type":"page","link":"https:\/\/uiltucs.it\/rossetto\/un-blog-per-i-dipendenti-rossetto\/","title":{"rendered":"Un blog per i dipendenti Rossetto"},"content":{"rendered":"<p>La\u00a0<span style=\"color: #ff0000;\"><strong>rossetto<\/strong><\/span>\u00a0\u00e8 una bella azienda.<\/p>\n<p>Pi\u00f9 di 1.500 dipendenti. Pi\u00f9 di 20 supermercati tra Veneto, Lombardia ed Emilia; una decina di centri distributivi; una redditivit\u00e0 tra le pi\u00f9 alte tra tutte le aziende di commercio alimentare in Italia.<\/p>\n<p>Paga regolarmente la retribuzione ai suoi dipendenti, e a quelli che giudica meritevoli \u2013 a suo insindacabile giudizio \u2013 paga anche un premio aggiuntivo annuale. Per\u00f2\u2026<\/p>\n<p>Come sempre non \u00e8 tutto oro quello che luccica. Facciamo qualche esempio.<\/p>\n<p>Gli orari di lavoro alla\u00a0<span style=\"color: #ff0000;\"><strong>rossetto<\/strong><\/span>\u00a0sono penalizzanti. Turni spezzati anche pi\u00f9 volte nella giornata: puoi timbrare in entrata alle 6 del mattino e l\u2019ultima timbratura in uscita la fai alle 20. Qualche volta anche dopo. Tanti straordinari, a volte pi\u00f9 del limite annuo previsto. Tante, troppe domeniche lavorate. Le prestazioni lavorative nelle festivit\u00e0 sono imposte.<\/p>\n<p>La legge prescrive che vi siano dei Rappresentanti dei Lavoratori per la Sicurezza in ogni punto vendita. Se ci sono non si riesce a sapere chi siano, eppure ce ne sarebbe bisogno perch\u00e9 qualche volta le norme di igiene e sicurezza non risulterebbero integralmente rispettate.<\/p>\n<p>Gli impianti di videosorveglianza sono installati senza accordo sindacale.<\/p>\n<p>La regola \u00e8: LAVORA E STA ZITTO.<\/p>\n<p>Questo blog della UILTuCS vuole essere un servizio per tutte le lavoratrici e i lavoratori della\u00a0<span style=\"color: #ff0000;\"><strong>rossetto<\/strong><\/span>\u00a0che di stare zitti cominciano ad averne rotte le scatole.<\/p>\n","protected":false},"excerpt":{"rendered":"<p>La\u00a0rossetto\u00a0\u00e8 una bella azienda. Pi\u00f9 di 1.500 dipendenti. Pi\u00f9 di 20 supermercati tra Veneto, Lombardia ed Emilia; una decina di centri distributivi; una redditivit\u00e0 tra le pi\u00f9 alte tra tutte le aziende di commercio alimentare in Italia. Paga regolarmente la retribuzione ai suoi dipendenti, e a quelli che giudica meritevoli \u2013 a suo insindacabile giudizio&hellip;<\/p>\n","protected":false},"author":1,"featured_media":140,"parent":0,"menu_order":0,"comment_status":"closed","ping_status":"closed","template":"","meta":{"_mi_skip_tracking":false,"footnotes":""},"class_list":["post-152","page","type-page","status-publish","has-post-thumbnail","hentry"],"_links":{"self":[{"href":"https:\/\/uiltucs.it\/rossetto\/wp-json\/wp\/v2\/pages\/152","targetHints":{"allow":["GET"]}}],"collection":[{"href":"https:\/\/uiltucs.it\/rossetto\/wp-json\/wp\/v2\/pages"}],"about":[{"href":"https:\/\/uiltucs.it\/rossetto\/wp-json\/wp\/v2\/types\/page"}],"author":[{"embeddable":true,"href":"https:\/\/uiltucs.it\/rossetto\/wp-json\/wp\/v2\/users\/1"}],"replies":[{"embeddable":true,"href":"https:\/\/uiltucs.it\/rossetto\/wp-json\/wp\/v2\/comments?post=152"}],"version-history":[{"count":2,"href":"https:\/\/uiltucs.it\/rossetto\/wp-json\/wp\/v2\/pages\/152\/revisions"}],"predecessor-version":[{"id":168,"href":"https:\/\/uiltucs.it\/rossetto\/wp-json\/wp\/v2\/pages\/152\/revisions\/168"}],"wp:featuredmedia":[{"embeddable":true,"href":"https:\/\/uiltucs.it\/rossetto\/wp-json\/wp\/v2\/media\/140"}],"wp:attachment":[{"href":"https:\/\/uiltucs.it\/rossetto\/wp-json\/wp\/v2\/media?parent=152"}],"curies":[{"name":"wp","href":"https:\/\/api.w.org\/{rel}","templated":true}]}}