{"id":37,"date":"2018-02-19T12:51:15","date_gmt":"2018-02-19T11:51:15","guid":{"rendered":"https:\/\/uiltucs.it\/rossetto\/?page_id=37"},"modified":"2018-02-23T14:12:57","modified_gmt":"2018-02-23T13:12:57","slug":"frontespizio","status":"publish","type":"page","link":"https:\/\/uiltucs.it\/rossetto\/busta-paga-rossetto\/frontespizio\/","title":{"rendered":"Frontespizio"},"content":{"rendered":"<p><img loading=\"lazy\" decoding=\"async\" class=\"size-full wp-image-40 aligncenter\" src=\"https:\/\/uiltucs.it\/rossetto\/wp-content\/uploads\/2018\/02\/busta-paga-parte-prima.jpg\" alt=\"Frontespizio busta paga Rossetto\" width=\"800\" height=\"224\" srcset=\"https:\/\/uiltucs.it\/rossetto\/wp-content\/uploads\/2018\/02\/busta-paga-parte-prima.jpg 800w, https:\/\/uiltucs.it\/rossetto\/wp-content\/uploads\/2018\/02\/busta-paga-parte-prima-300x84.jpg 300w, https:\/\/uiltucs.it\/rossetto\/wp-content\/uploads\/2018\/02\/busta-paga-parte-prima-768x215.jpg 768w\" sizes=\"auto, (max-width: 800px) 100vw, 800px\" \/><\/p>\n<p><strong><span style=\"color: #ff0000;\">1<\/span><\/strong> &#8211; <a href=\"#1\"><strong>Ragione sociale &#8211; Codice INPS &#8211; Punto vendita<\/strong><\/a><br \/>\n<span style=\"color: #ff0000;\"><strong>2<\/strong><\/span> &#8211; <a href=\"#2\"><strong>Identificativo del dipendente<\/strong><\/a><br \/>\n<span style=\"color: #ff0000;\"><strong>3<\/strong><\/span> &#8211; <strong><a href=\"#3\">Qualifica del dipendente<\/a><\/strong><br \/>\n<span style=\"color: #ff0000;\"><strong>4<\/strong><\/span> &#8211; <a href=\"#4\"><strong>Mansione e livello<\/strong><\/a><br \/>\n<span style=\"color: #ff0000;\"><strong>5<\/strong><\/span> &#8211; <a href=\"#5\"><strong>Posizione assicurativa<\/strong><\/a><br \/>\n<span style=\"color: #ff0000;\"><strong>6<\/strong><\/span> &#8211; <a href=\"#6\"><strong>Data di nascita<\/strong><\/a><br \/>\n<span style=\"color: #ff0000;\"><strong>7<\/strong><\/span> &#8211; <a href=\"#7\"><strong>Data di assunzione<\/strong><\/a><br \/>\n<span style=\"color: #ff0000;\"><strong>8<\/strong><\/span> &#8211; <a href=\"#8\"><strong>Data di cessazione<\/strong><\/a><br \/>\n<span style=\"color: #ff0000;\"><strong>9<\/strong><\/span> &#8211; <a href=\"#9\"><strong>Anzianit\u00e0 aziendale<\/strong><\/a><br \/>\n<span style=\"color: #ff0000;\"><strong>10<\/strong><\/span> &#8211; <a href=\"#10\"><strong>Codice fiscale<\/strong><\/a><br \/>\n<span style=\"color: #ff0000;\"><strong>11<\/strong><\/span> &#8211; <a href=\"#11\"><strong>Codice reparto<\/strong><\/a><br \/>\n<strong><span style=\"color: #ff0000;\">12<\/span><\/strong> &#8211; <a href=\"#12\"><strong>Data emissione della busta paga<\/strong><\/a><br \/>\n<span style=\"color: #ff0000;\"><strong>13<\/strong><\/span> &#8211; <a href=\"#13\"><strong>Periodo di paga<\/strong><\/a><br \/>\n<strong><span style=\"color: #ff0000;\">14<\/span><\/strong> &#8211;\u00a0<a href=\"#14\"><strong>Ore lavorate<\/strong><\/a><br \/>\n<span style=\"color: #ff0000;\"><strong>15<\/strong><\/span> &#8211; <a href=\"#15\"><strong>Giorni di lavoro<\/strong><\/a><br \/>\n<strong><span style=\"color: #ff0000;\">16<\/span><\/strong> &#8211; <a href=\"#16\"><strong>Giornate retribuite<\/strong><\/a><br \/>\n<span style=\"color: #ff0000;\"><strong>17<\/strong><\/span> &#8211; <a href=\"#17\"><strong>Settimane lavorate<\/strong><\/a><\/p>\n<p><strong><a id=\"1\"><\/a>1<\/strong> &#8211; Descrive la ragione sociale dell&#8217;azienda, compreso il suo codice INPS, e il punto vendita sede di lavoro.<\/p>\n<p><strong><a id=\"2\"><\/a>2<\/strong> &#8211; Identificativo del dipendente: numero di matricola, cognome e nome, domicilio di residenza.<\/p>\n<p><strong><a id=\"3\"><\/a>3<\/strong> &#8211; Qualifica del dipendente (di solito \u201cimpiegato\u201d o \u201coperaio\u201d) e precisazione se il rapporto di lavoro \u00e8 a tempo indeterminato o determinato.<\/p>\n<p><strong><a id=\"4\"><\/a>4<\/strong> &#8211; Mansione e livello: descrive in base alle norme sull&#8217;inquadramento del Contratto collettivo nazionale di lavoro (CCNL) l&#8217;attivit\u00e0 svolta e il relativo livello di inquadramento. Al livello di inquadramento \u00e8 strettamente legata la retribuzione. Infatti quasi tutte le voci che compongono la retribuzione mensile variano a seconda del livello di inquadramento (Retribuzione base, Contingenza, Scatti anzianit\u00e0 \u2013 vedi Parte seconda: Calcolo della retribuzione mensile, settimanale e giornaliera).<\/p>\n<p><strong><a id=\"5\"><\/a>5<\/strong> &#8211; Posizione assicurativa: riporta il codice di iscrizione all&#8217;INPS del dipendente. \u00c8 una posizione individuale, ossia questo \u00e8 un codice personale che identifica il dipendente e che pu\u00f2 essere utilizzato &#8211; ad esempio &#8211; per conoscere l&#8217;ammontare dei contributi pensionistici pagati all&#8217;INPS.<\/p>\n<p><strong><a id=\"6\"><\/a>6<\/strong> &#8211; Data di nascita: \u00c8 rilevante ai fini della maturazione dei requisiti per andare in pensione.<\/p>\n<p><strong><a id=\"7\"><\/a>7<\/strong> &#8211; Data di assunzione:\u00a0\u00c8 rilevante ai fini della maturazione degli scatti di anzianit\u00e0 e anche per altre circostanze. Ad esempio, gli assunti prima del 2015 godono ancora della cosiddetta &#8220;tutela reale&#8221; prevista dall&#8217;articolo 18 dello Statuto dei lavoratori, ossia in caso di licenziamento privo di una giusta causa hanno diritto ad essere reintegrati nel posto di lavoro qualora un giudice riconosca l&#8217;illegittimit\u00e0 del licenziamento.<\/p>\n<p><strong><a id=\"8\"><\/a>8<\/strong> &#8211; Data di cessazione: Questo campo viene riempito esclusivamente in corrispondenza del pagamento delle spettanze dovute per l&#8217;ultimo mese di lavoro svolto in azienda, ad esempio alla scadenza di un contratto di lavoro a tempo determinato, oppure in caso di licenziamento, dimissioni o pensionamento per i dipendenti a tempo indeterminato.<\/p>\n<p><strong><a id=\"9\"><\/a>9<\/strong> &#8211; Indica l&#8217;anzianit\u00e0 aziendale in anni e mesi. \u00c8 rilevante per stabilire la data di maturazione del prossimo scatto di anzianit\u00e0. In base al CCNL gli scatti di anzianit\u00e0 maturano ogni tre anni con gli importi stabiliti dal CCNL che variano a seconda del livello di inquadramento (vedi sopra punto 4). La maturazione degli scatti si interrompe al decimo scatto (30 anni di anzianit\u00e0 aziendale).<\/p>\n<p><strong><a id=\"10\"><\/a>10<\/strong> &#8211; Codice fiscale del dipendente.<\/p>\n<p><strong><a id=\"11\"><\/a>11<\/strong> &#8211; Questo codice identifica il reparto a cui il dipendente \u00e8 assegnato.<\/p>\n<p><strong><a id=\"12\"><\/a>12<\/strong> &#8211; Data di emissione della busta paga: di regola nella Rossetto Trade \u00e8 il giorno 5 del mese successivo a quello a cui si riferisce la busta paga. Il CCNL prevede che la retribuzione mensile venga corrisposta entro i primi 10 giorni del mese successivo a quello a cui si riferisce la busta paga.<\/p>\n<p><strong><a id=\"13\"><\/a>13<\/strong> &#8211; Periodo di paga: si indica il mese di lavoro cui si riferisce la busta paga.<\/p>\n<p><strong><a id=\"14\"><\/a>14<\/strong> &#8211; Numero delle ore lavorate nel mese. Questo numero quindi varia di mese in mese a seconda delle eventuali assenze, ad esempio per malattia o infortunio, o delle prestazioni svolte in straordinario (lavoratori a tempo pieno) o in supplementare (lavoratori con contratto a tempo parziale, part-time).<\/p>\n<p><strong><a id=\"15\"><\/a>15<\/strong> &#8211; Giorni di lavoro previsti nel mese. Di regola, qualora non vi siano state assenze, i giorni lavorati per i dipendenti a tempo pieno (full-time) sono 26 o 27 per chi lavora su sei giorni alla settimana e 22 o 23 per chi lavora su cinque giorni la settimana. Per i dipendenti a tempo parziale (part-time) il numero dei giorni lavorabili pu\u00f2 essere diverso. Ad esempio, per un part-time &#8220;verticale&#8221; (ossia che lavora solo alcuni giorni della settimana, ad esempio nei fine settimana, dal venerd\u00ec alla domenica) il numero di giornate lavorative mensili sar\u00e0 compreso tra 12 e 15 a seconda dei fine settimana che cadono in quel mese.<\/p>\n<p><strong><a id=\"16\"><\/a>16<\/strong> &#8211; Giornate retribuite: indica il numero delle giornate di lavoro pagate nel mese. Questo numero pu\u00f2 essere diverso da quello indicato nella casella precedente. Ad esempio, un lavoratore a tempo pieno si \u00e8 assentato un giorno del mese per malattia. Nel campo precedente saranno indicate 25 giornate lavorate, ma siccome il lavoratore gode del pagamento della giornata di malattia ai sensi del CCNL (cosiddetta &#8220;carenza pagata&#8221;) in questo campo saranno indicate sempre 26 giornate retribuite.<\/p>\n<p><strong><a id=\"17\"><\/a>17<\/strong> &#8211; Settimane lavorate nel mese.<\/p>\n<p style=\"text-align: center;\"><strong>Vuoi un chiarimento?<\/strong><\/p>\n<p style=\"text-align: center;\"><strong>C\u2019\u00e8 qualcosa che non ti convince?<\/strong><\/p>\n<p style=\"text-align: center;\"><a href=\"https:\/\/uiltucs.it\/rossetto\/scrivici\/\"><span style=\"color: #ff0000;\"><strong>SCRIVICI<\/strong><\/span><\/a><\/p>\n","protected":false},"excerpt":{"rendered":"<p>1 &#8211; Ragione sociale &#8211; Codice INPS &#8211; Punto vendita 2 &#8211; Identificativo del dipendente 3 &#8211; Qualifica del dipendente 4 &#8211; Mansione e livello 5 &#8211; Posizione assicurativa 6 &#8211; Data di nascita 7 &#8211; Data di assunzione 8 &#8211; Data di cessazione 9 &#8211; Anzianit\u00e0 aziendale 10 &#8211; Codice fiscale 11 &#8211; Codice&hellip;<\/p>\n","protected":false},"author":1,"featured_media":0,"parent":13,"menu_order":0,"comment_status":"closed","ping_status":"closed","template":"","meta":{"_mi_skip_tracking":false,"footnotes":""},"class_list":["post-37","page","type-page","status-publish","hentry"],"_links":{"self":[{"href":"https:\/\/uiltucs.it\/rossetto\/wp-json\/wp\/v2\/pages\/37","targetHints":{"allow":["GET"]}}],"collection":[{"href":"https:\/\/uiltucs.it\/rossetto\/wp-json\/wp\/v2\/pages"}],"about":[{"href":"https:\/\/uiltucs.it\/rossetto\/wp-json\/wp\/v2\/types\/page"}],"author":[{"embeddable":true,"href":"https:\/\/uiltucs.it\/rossetto\/wp-json\/wp\/v2\/users\/1"}],"replies":[{"embeddable":true,"href":"https:\/\/uiltucs.it\/rossetto\/wp-json\/wp\/v2\/comments?post=37"}],"version-history":[{"count":11,"href":"https:\/\/uiltucs.it\/rossetto\/wp-json\/wp\/v2\/pages\/37\/revisions"}],"predecessor-version":[{"id":139,"href":"https:\/\/uiltucs.it\/rossetto\/wp-json\/wp\/v2\/pages\/37\/revisions\/139"}],"up":[{"embeddable":true,"href":"https:\/\/uiltucs.it\/rossetto\/wp-json\/wp\/v2\/pages\/13"}],"wp:attachment":[{"href":"https:\/\/uiltucs.it\/rossetto\/wp-json\/wp\/v2\/media?parent=37"}],"curies":[{"name":"wp","href":"https:\/\/api.w.org\/{rel}","templated":true}]}}